{"id":61,"date":"2025-09-13T04:43:28","date_gmt":"2025-09-13T08:43:28","guid":{"rendered":"https:\/\/bdela.noblogs.org\/?page_id=61"},"modified":"2025-09-21T13:20:13","modified_gmt":"2025-09-21T16:20:13","slug":"circulo-de-estudios-anarquistas","status":"publish","type":"page","link":"https:\/\/bdela.noblogs.org\/?page_id=61","title":{"rendered":"Club de Lectura"},"content":{"rendered":"<div class=\"wp-block-image\">\n<figure class=\"aligncenter size-large\"><a href=\"bdela@riseup.net\"><img loading=\"lazy\" decoding=\"async\" width=\"1024\" height=\"866\" src=\"https:\/\/bdela.noblogs.org\/files\/2025\/09\/dddfffffgo-1-1024x866.png\" alt=\"\" class=\"wp-image-392\" srcset=\"https:\/\/bdela.noblogs.org\/files\/2025\/09\/dddfffffgo-1-1024x866.png 1024w, https:\/\/bdela.noblogs.org\/files\/2025\/09\/dddfffffgo-1-300x254.png 300w, https:\/\/bdela.noblogs.org\/files\/2025\/09\/dddfffffgo-1-768x650.png 768w, https:\/\/bdela.noblogs.org\/files\/2025\/09\/dddfffffgo-1-355x300.png 355w, https:\/\/bdela.noblogs.org\/files\/2025\/09\/dddfffffgo-1.png 1182w\" sizes=\"auto, (max-width: 1024px) 100vw, 1024px\" \/><\/a><\/figure>\n<\/div>\n\n\n<p>La Biblioteca Digital Emilio L\u00f3pez Arango &#8211; BDELA, presenta su Club de Lectura, un espacio virtual e internacional -en espa\u00f1ol-, de personas que se encuentran para conversar sobre la lectura previa de un mismo texto relacionado al anarquismo, cultivando un ambiente de respeto, tolerancia y participaci\u00f3n.<\/p>\n\n\n\n<p>Nuestro objetivo es el intercambio de opiniones, experiencias e impresiones personales en torno a una lectura com\u00fan, de forma tal de entrenar el pensamiento cr\u00edtico y la elaboraci\u00f3n de nuevas ideas en torno al anarquismo.<\/p>\n\n\n\n<p><strong>\u00bfQu\u00e9 beneficios obtengo al unirme al Club de Lectura?<\/strong><\/p>\n\n\n\n<p>Participar del Club de Lectura de la Biblioteca Digital Emilio L\u00f3pez Arango puede aportar al menos los siguientes beneficios:<\/p>\n\n\n\n<ul class=\"wp-block-list\">\n<li>Te unir\u00e1s a un espacio libre y seguro para compartir conocimientos, impresiones e historias entre personas con distintas opiniones, pero con los mismos intereses.<\/li>\n\n\n\n<li>Ampliar\u00e1s tu horizonte bibliogr\u00e1fico y disfrutar\u00e1s de lecturas que quiz\u00e1 nunca habr\u00edas pensado leer.<\/li>\n\n\n\n<li>Ser\u00e1 una excusa para, a trav\u00e9s de tus lecturas, conocer, reunirte y compartir vivencias, escuchar y ser escuchado\/a, descubrir o re-descubrir el gusto por la lectura, iniciarse y maravillarse con ella.<\/li>\n\n\n\n<li>Mejorar\u00e1s tu comprensi\u00f3n lectora, redacci\u00f3n y vocabulario, adem\u00e1s de conservar tu capacidad intelectual, ya que la lectura y las conversaciones que surgen en torno a ella, previenen el envejecimiento neuronal y mantienen activa la memoria.<\/li>\n<\/ul>\n\n\n\n<p><strong>\u00bfHay alguna edad espec\u00edfica para participar?<\/strong><\/p>\n\n\n\n<p>El Club de Lectura es para todas las edades, aunque la mayor\u00eda son adultos, tambi\u00e9n hay j\u00f3venes y escolares de educaci\u00f3n secundaria.<\/p>\n\n\n\n<p><strong>\u00bfC\u00f3mo me inscribo?<\/strong><\/p>\n\n\n\n<p>Para inscribirte debes enviar un correo a: <strong>bdela@riseup.net <\/strong>cont\u00e1ndonos cu\u00e1l es tu motivaci\u00f3n para unirte.<\/p>\n\n\n\n<p><strong>Reuniones de lectura y conversaci\u00f3n en espa\u00f1ol EL PRIMER S\u00c1BADO DE CADA MES a trav\u00e9s de jitsi.meet. en los siguientes horarios:<\/strong><\/p>\n\n\n\n<div class=\"wp-block-group is-vertical is-layout-flex wp-container-core-group-is-layout-8cf370e7 wp-block-group-is-layout-flex\">\n<p><strong>16:00 a 17:00 horas:<\/strong> Ciudad de M\u00e9xico<\/p>\n\n\n\n<p><strong>17:00 a 18:00 horas:<\/strong> Bogot\u00e1, Lima<\/p>\n\n\n\n<p><strong>18:00 a 19:00 horas:<\/strong> La Paz, Caracas, La Habana, Montreal, Nueva York<\/p>\n\n\n\n<p><strong>19:00 a 20:00 horas:<\/strong> Buenos Aires, Santiago de Chile, Porto Alegre, R\u00edo de Janeiro<\/p>\n\n\n\n<p><strong>23:00 a 00:00 horas:<\/strong> Londres, Lisboa<\/p>\n\n\n\n<p><strong>00:00 a 01:00 horas:<\/strong> Madrid, Par\u00eds, Berl\u00edn<\/p>\n\n\n\n<p><strong>01:00 a 02:00 horas:<\/strong> Mosc\u00fa<\/p>\n<\/div>\n","protected":false},"excerpt":{"rendered":"<p>La Biblioteca Digital Emilio L\u00f3pez Arango &#8211; BDELA, presenta su Club de Lectura, un espacio virtual e internacional -en espa\u00f1ol-, de personas que se encuentran para conversar sobre la lectura previa de un mismo texto relacionado al anarquismo, cultivando un &hellip; <a href=\"https:\/\/bdela.noblogs.org\/?page_id=61\">Sigue leyendo <span class=\"meta-nav\">&rarr;<\/span><\/a><\/p>\n","protected":false},"author":20689,"featured_media":0,"parent":0,"menu_order":0,"comment_status":"closed","ping_status":"closed","template":"","meta":{"footnotes":""},"class_list":["post-61","page","type-page","status-publish","hentry"],"_links":{"self":[{"href":"https:\/\/bdela.noblogs.org\/index.php?rest_route=\/wp\/v2\/pages\/61","targetHints":{"allow":["GET"]}}],"collection":[{"href":"https:\/\/bdela.noblogs.org\/index.php?rest_route=\/wp\/v2\/pages"}],"about":[{"href":"https:\/\/bdela.noblogs.org\/index.php?rest_route=\/wp\/v2\/types\/page"}],"author":[{"embeddable":true,"href":"https:\/\/bdela.noblogs.org\/index.php?rest_route=\/wp\/v2\/users\/20689"}],"replies":[{"embeddable":true,"href":"https:\/\/bdela.noblogs.org\/index.php?rest_route=%2Fwp%2Fv2%2Fcomments&post=61"}],"version-history":[{"count":20,"href":"https:\/\/bdela.noblogs.org\/index.php?rest_route=\/wp\/v2\/pages\/61\/revisions"}],"predecessor-version":[{"id":474,"href":"https:\/\/bdela.noblogs.org\/index.php?rest_route=\/wp\/v2\/pages\/61\/revisions\/474"}],"wp:attachment":[{"href":"https:\/\/bdela.noblogs.org\/index.php?rest_route=%2Fwp%2Fv2%2Fmedia&parent=61"}],"curies":[{"name":"wp","href":"https:\/\/api.w.org\/{rel}","templated":true}]}}