{"id":461,"date":"2025-09-21T12:43:40","date_gmt":"2025-09-21T15:43:40","guid":{"rendered":"https:\/\/bdela.noblogs.org\/?page_id=461"},"modified":"2025-09-21T13:21:34","modified_gmt":"2025-09-21T16:21:34","slug":"multimedia","status":"publish","type":"page","link":"https:\/\/bdela.noblogs.org\/?page_id=461","title":{"rendered":"Multimedia"},"content":{"rendered":"<div class=\"wp-block-image\">\n<figure class=\"alignleft size-full\"><a href=\"https:\/\/www.youtube.com\/watch?v=uxylnvAmFHc&amp;t=284s\"><img loading=\"lazy\" decoding=\"async\" width=\"200\" height=\"133\" src=\"https:\/\/bdela.noblogs.org\/files\/2025\/09\/XCXCSDF.png\" alt=\"\" class=\"wp-image-462\" \/><\/a><\/figure>\n<\/div>\n\n\n<p>FORMAS DE LIBERTAD. CONFERENCIA DE MURRAY BOOKCHIN. 1985.<\/p>\n\n\n\n<p>Murray Bookchin (14 de enero de 1921 &#8211; 30 de julio de 2006)1\u200b fue un historiador, profesor universitario, investigador, ide\u00f3logo y activista ecologista estadounidense, fundador de una teor\u00eda llamada \u00abecolog\u00eda social\u00bb (una forma de ecoanarquismo) y uno de los pioneros del movimiento ecologista. Esta conferencia sucedi\u00f3 en Marzo de 1985 en San Francisco. En ella, Bookchin comenta las problem\u00e1ticas m\u00e1s importante que lo acechan y haci\u00e9ndolo, discute fundamentalmente sobre la cosa p\u00fablica y el sentido de la democracia.<\/p>\n","protected":false},"excerpt":{"rendered":"<p>FORMAS DE LIBERTAD. CONFERENCIA DE MURRAY BOOKCHIN. 1985. Murray Bookchin (14 de enero de 1921 &#8211; 30 de julio de 2006)1\u200b fue un historiador, profesor universitario, investigador, ide\u00f3logo y activista ecologista estadounidense, fundador de una teor\u00eda llamada \u00abecolog\u00eda social\u00bb (una &hellip; <a href=\"https:\/\/bdela.noblogs.org\/?page_id=461\">Sigue leyendo <span class=\"meta-nav\">&rarr;<\/span><\/a><\/p>\n","protected":false},"author":20689,"featured_media":0,"parent":0,"menu_order":0,"comment_status":"closed","ping_status":"closed","template":"","meta":{"footnotes":""},"class_list":["post-461","page","type-page","status-publish","hentry"],"_links":{"self":[{"href":"https:\/\/bdela.noblogs.org\/index.php?rest_route=\/wp\/v2\/pages\/461","targetHints":{"allow":["GET"]}}],"collection":[{"href":"https:\/\/bdela.noblogs.org\/index.php?rest_route=\/wp\/v2\/pages"}],"about":[{"href":"https:\/\/bdela.noblogs.org\/index.php?rest_route=\/wp\/v2\/types\/page"}],"author":[{"embeddable":true,"href":"https:\/\/bdela.noblogs.org\/index.php?rest_route=\/wp\/v2\/users\/20689"}],"replies":[{"embeddable":true,"href":"https:\/\/bdela.noblogs.org\/index.php?rest_route=%2Fwp%2Fv2%2Fcomments&post=461"}],"version-history":[{"count":4,"href":"https:\/\/bdela.noblogs.org\/index.php?rest_route=\/wp\/v2\/pages\/461\/revisions"}],"predecessor-version":[{"id":476,"href":"https:\/\/bdela.noblogs.org\/index.php?rest_route=\/wp\/v2\/pages\/461\/revisions\/476"}],"wp:attachment":[{"href":"https:\/\/bdela.noblogs.org\/index.php?rest_route=%2Fwp%2Fv2%2Fmedia&parent=461"}],"curies":[{"name":"wp","href":"https:\/\/api.w.org\/{rel}","templated":true}]}}